{"id":1113,"date":"2026-01-16T17:59:50","date_gmt":"2026-01-16T16:59:50","guid":{"rendered":"https:\/\/www.domotips.fr\/boutique\/?post_type=product&#038;p=1113"},"modified":"2026-02-15T11:52:30","modified_gmt":"2026-02-15T10:52:30","slug":"plaque-de-boite-aux-lettres","status":"publish","type":"product","link":"https:\/\/www.domotips.fr\/boutique\/produit\/plaque-de-boite-aux-lettres\/","title":{"rendered":"Plaque de Bo\u00eete aux lettres grav\u00e9e personnalis\u00e9e"},"content":{"rendered":"<p>Cette plaque pour bo\u00eete aux lettres est grav\u00e9e dans notre atelier du bassin d&rsquo;Arcachon.<br \/>\nContrairement \u00e0 une impression, la gravure est durable dans le temps.<\/p>\n<p>\u2714 Une personnalisation simple et efficace.<br \/>\n\u2714 Facile \u00e0 poser avec son adh\u00e9sif (3M) de haute qualit\u00e9 inclus.<br \/>\n\u2714 Avec une Gravure nette et lisible, cette plaque garantit une lisibilit\u00e9 optimale toute l\u2019ann\u00e9e.<br \/>\n\u2714 Une excellente r\u00e9sistance \u00e0 l&rsquo;ext\u00e9rieure (UV, pluie, vent, gel)<br \/>\n\u2714 Fabrication fran\u00e7aise et compatible avec l&rsquo;ensemble des bo\u00eetes \u00e0 lettres et r\u00e9pondant aux normes de La Poste.<br \/>\n\u2714 Exp\u00e9dition rapide (24\/48h)<\/p>\n<p>Le texte est grav\u00e9 selon votre configuration de plaque (la couleur, la police de caract\u00e8res et le nombre de lignes).<\/p>\n<p>Convient aux maisons, appartements, entreprises et syndics.<br \/>\nBo\u00eetes aux lettres &#8211; Interphone &#8211; Sonnette<\/p>\n","protected":false},"excerpt":{"rendered":"<p data-start=\"88\" data-end=\"400\"><strong data-start=\"88\" data-end=\"162\">Plaque de bo\u00eete aux lettres personnalis\u00e9e en ligne offrant une gravure durable et lisible.<\/strong><br data-start=\"162\" data-end=\"165\" \/>Optez pour une plaque de bo\u00eete aux lettres personnalis\u00e9e avec gravure de qualit\u00e9<\/p>\n<p data-start=\"561\" data-end=\"705\">Personnalisez votre plaque en ligne : choisissez votre taille, le texte, la police et la couleur.<br data-start=\"643\" data-end=\"646\" \/>Convient aux maisons, appartements, entreprises et syndics.<\/p>\n<p>Fabrication fran\u00e7aise \u2013 Exp\u00e9dition rapide 24\/48h<\/p>\n","protected":false},"featured_media":925,"comment_status":"open","ping_status":"closed","template":"","meta":[],"product_brand":[],"product_cat":[56],"product_tag":[],"class_list":{"0":"post-1113","1":"product","2":"type-product","3":"status-publish","4":"has-post-thumbnail","6":"product_cat-boite-aux-lettres","7":"product_shipping_class-petite-plaque","9":"first","10":"instock","11":"taxable","12":"shipping-taxable","13":"purchasable","14":"product-type-simple"},"jetpack_sharing_enabled":true,"_links":{"self":[{"href":"https:\/\/www.domotips.fr\/boutique\/wp-json\/wp\/v2\/product\/1113","targetHints":{"allow":["GET"]}}],"collection":[{"href":"https:\/\/www.domotips.fr\/boutique\/wp-json\/wp\/v2\/product"}],"about":[{"href":"https:\/\/www.domotips.fr\/boutique\/wp-json\/wp\/v2\/types\/product"}],"replies":[{"embeddable":true,"href":"https:\/\/www.domotips.fr\/boutique\/wp-json\/wp\/v2\/comments?post=1113"}],"wp:featuredmedia":[{"embeddable":true,"href":"https:\/\/www.domotips.fr\/boutique\/wp-json\/wp\/v2\/media\/925"}],"wp:attachment":[{"href":"https:\/\/www.domotips.fr\/boutique\/wp-json\/wp\/v2\/media?parent=1113"}],"wp:term":[{"taxonomy":"product_brand","embeddable":true,"href":"https:\/\/www.domotips.fr\/boutique\/wp-json\/wp\/v2\/product_brand?post=1113"},{"taxonomy":"product_cat","embeddable":true,"href":"https:\/\/www.domotips.fr\/boutique\/wp-json\/wp\/v2\/product_cat?post=1113"},{"taxonomy":"product_tag","embeddable":true,"href":"https:\/\/www.domotips.fr\/boutique\/wp-json\/wp\/v2\/product_tag?post=1113"}],"curies":[{"name":"wp","href":"https:\/\/api.w.org\/{rel}","templated":true}]}}